{"id":8754,"date":"2016-03-14T14:33:38","date_gmt":"2016-03-14T14:33:38","guid":{"rendered":"http:\/\/brooklyn.fatmoon.kinsta.com\/?page_id=2"},"modified":"2022-02-13T21:48:25","modified_gmt":"2022-02-13T18:48:25","slug":"home","status":"publish","type":"page","link":"https:\/\/yakuphangokgoz.info\/tr\/","title":{"rendered":"Home"},"content":{"rendered":"\t\t<div data-elementor-type=\"wp-post\" data-elementor-id=\"8754\" class=\"elementor elementor-8754 elementor-bc-flex-widget\" data-elementor-settings=\"[]\">\n\t\t\t\t\t\t<div class=\"elementor-inner\">\n\t\t\t\t\t\t\t<div class=\"elementor-section-wrap\">\n\t\t\t\t\t\t\t<section class=\"elementor-section elementor-top-section elementor-element elementor-element-a0bb184 elementor-section-stretched elementor-section-full_width elementor-section-height-default elementor-section-height-default\" data-id=\"a0bb184\" data-element_type=\"section\" data-settings=\"{&quot;stretch_section&quot;:&quot;section-stretched&quot;,&quot;_ha_eqh_enable&quot;:false}\">\n\t\t\t\t\t\t<div class=\"elementor-container elementor-column-gap-no\">\n\t\t\t\t\t\t\t<div class=\"elementor-row\">\n\t\t\t\t\t<div class=\"elementor-column elementor-col-100 elementor-top-column elementor-element elementor-element-24ed172\" data-id=\"24ed172\" data-element_type=\"column\">\n\t\t\t<div class=\"elementor-column-wrap elementor-element-populated\">\n\t\t\t\t\t\t\t<div class=\"elementor-widget-wrap\">\n\t\t\t\t\t\t<div class=\"elementor-element elementor-element-5520b2d elementor-widget elementor-widget-a13fe-slider\" data-id=\"5520b2d\" data-element_type=\"widget\" data-widget_type=\"a13fe-slider.default\">\n\t\t\t\t<div class=\"elementor-widget-container\">\n\t\t\t<div class=\"a13-slider-stuff\" data-autoplay=\"on\" data-transition=\"3\" data-fit_variant=\"4\" data-pattern=\"0\" data-gradient=\"on\" data-ken_burns_scale=\"110%\" data-texts=\"on\" data-title_color=\"rgba(0,0,0,0.6)\" data-transition_time=\"600\" data-slide_interval=\"5000\" data-thumbs=\"on\" data-thumbs_on_load=\"off\" data-socials=\"off\" data-window_high=\"on\" data-main_slider=\"off\" data-ratio=\"16\/9\">\t    <ul class=\"gallery-media-collection screen-reader-text\">\n\t\t\t\t<li class=\"gallery-item type-image subtype-png\" data-id=\"12116\" data-ratio_x=\"1\" data-bg_color=\"\" data-alt_attr=\"\" data-main-image=\"https:\/\/yakuphangokgoz.info\/wp-content\/uploads\/2017\/01\/zulfikar.0004.png\" data-brick_image=\"https:\/\/yakuphangokgoz.info\/wp-content\/uploads\/2017\/01\/zulfikar.0004.png\" data-thumb=\"https:\/\/yakuphangokgoz.info\/wp-content\/uploads\/2017\/01\/zulfikar.0004-150x150.png\" data-link_target=\"0\">\n\t\t<a class=\"item__link\" href=\"https:\/\/yakuphangokgoz.info\/wp-content\/uploads\/2017\/01\/zulfikar.0004.png\">Zulfikar<\/a>\n\t\t\t\t\t<div id=\"item-desc-1\" class=\"item-desc\"><strong>Proje:<\/strong> Hearth<\/div>\n\t\t\t<\/li>\n\t<li class=\"gallery-item type-image subtype-png\" data-id=\"12122\" data-ratio_x=\"1\" data-bg_color=\"\" data-alt_attr=\"\" data-main-image=\"https:\/\/yakuphangokgoz.info\/wp-content\/uploads\/2017\/01\/atak2.png\" data-brick_image=\"https:\/\/yakuphangokgoz.info\/wp-content\/uploads\/2017\/01\/atak2.png\" data-thumb=\"https:\/\/yakuphangokgoz.info\/wp-content\/uploads\/2017\/01\/atak2-150x150.png\" data-link_target=\"0\">\n\t\t<a class=\"item__link\" href=\"https:\/\/yakuphangokgoz.info\/wp-content\/uploads\/2017\/01\/atak2.png\">Atak Helikopterleri<\/a>\n\t\t\t\t\t<div id=\"item-desc-2\" class=\"item-desc\"><strong>Proje:<\/strong> Unbreakables<\/div>\n\t\t\t<\/li>\n\t<li class=\"gallery-item type-image subtype-png\" data-id=\"12176\" data-ratio_x=\"1\" data-bg_color=\"\" data-alt_attr=\"\" data-main-image=\"https:\/\/yakuphangokgoz.info\/wp-content\/uploads\/2017\/01\/cuneyt.png\" data-brick_image=\"https:\/\/yakuphangokgoz.info\/wp-content\/uploads\/2017\/01\/cuneyt.png\" data-thumb=\"https:\/\/yakuphangokgoz.info\/wp-content\/uploads\/2017\/01\/cuneyt-150x150.png\" data-link_target=\"0\">\n\t\t<a class=\"item__link\" href=\"https:\/\/yakuphangokgoz.info\/wp-content\/uploads\/2017\/01\/cuneyt.png\">C\u00fcneyt Ark\u0131n<\/a>\n\t\t\t\t\t<div id=\"item-desc-3\" class=\"item-desc\"><strong>Proje:<\/strong> Unbreakables<\/div>\n\t\t\t<\/li>\n\t<li class=\"gallery-item type-image subtype-png\" data-id=\"12175\" data-ratio_x=\"1\" data-bg_color=\"\" data-alt_attr=\"\" data-main-image=\"https:\/\/yakuphangokgoz.info\/wp-content\/uploads\/2017\/01\/render2.png\" data-brick_image=\"https:\/\/yakuphangokgoz.info\/wp-content\/uploads\/2017\/01\/render2.png\" data-thumb=\"https:\/\/yakuphangokgoz.info\/wp-content\/uploads\/2017\/01\/render2-150x150.png\" data-link_target=\"0\">\n\t\t<a class=\"item__link\" href=\"https:\/\/yakuphangokgoz.info\/wp-content\/uploads\/2017\/01\/render2.png\">\u00d6z\u00e7izim<\/a>\n\t\t\t\t\t<div id=\"item-desc-4\" class=\"item-desc\">Model olarak kendimi ele ald\u0131\u011f\u0131m render \u00e7al\u0131\u015fmam<\/div>\n\t\t\t<\/li>\n\t<li class=\"gallery-item type-image subtype-png\" data-id=\"12151\" data-ratio_x=\"1\" data-bg_color=\"\" data-alt_attr=\"\" data-main-image=\"https:\/\/yakuphangokgoz.info\/wp-content\/uploads\/2017\/01\/jack_daniels_telecaster4.png\" data-brick_image=\"https:\/\/yakuphangokgoz.info\/wp-content\/uploads\/2017\/01\/jack_daniels_telecaster4.png\" data-thumb=\"https:\/\/yakuphangokgoz.info\/wp-content\/uploads\/2017\/01\/jack_daniels_telecaster4-150x150.png\" data-link_target=\"0\">\n\t\t<a class=\"item__link\" href=\"https:\/\/yakuphangokgoz.info\/wp-content\/uploads\/2017\/01\/jack_daniels_telecaster4.png\">Fender Telecaster<\/a>\n\t\t\t\t\t<div id=\"item-desc-5\" class=\"item-desc\">Jack Daniel's me\u015fe f\u0131\u00e7\u0131s\u0131ndan yap\u0131lma g\u00f6vde<\/div>\n\t\t\t<\/li>\n\t<li class=\"gallery-item type-image subtype-png\" data-id=\"12711\" data-ratio_x=\"1\" data-bg_color=\"\" data-alt_attr=\"\" data-main-image=\"https:\/\/yakuphangokgoz.info\/wp-content\/uploads\/2017\/01\/esad4.png\" data-brick_image=\"https:\/\/yakuphangokgoz.info\/wp-content\/uploads\/2017\/01\/esad4.png\" data-thumb=\"https:\/\/yakuphangokgoz.info\/wp-content\/uploads\/2017\/01\/esad4-150x150.png\" data-link_target=\"0\">\n\t\t<a class=\"item__link\" href=\"https:\/\/yakuphangokgoz.info\/wp-content\/uploads\/2017\/01\/esad4.png\">Esad<\/a>\n\t\t\t\t\t<div id=\"item-desc-6\" class=\"item-desc\"><strong>Proje:<\/strong> Empire's Dusk<\/div>\n\t\t\t<\/li>\n\t<li class=\"gallery-item type-image subtype-png\" data-id=\"12172\" data-ratio_x=\"1\" data-bg_color=\"\" data-alt_attr=\"\" data-main-image=\"https:\/\/yakuphangokgoz.info\/wp-content\/uploads\/2017\/01\/laptop4.png\" data-brick_image=\"https:\/\/yakuphangokgoz.info\/wp-content\/uploads\/2017\/01\/laptop4.png\" data-thumb=\"https:\/\/yakuphangokgoz.info\/wp-content\/uploads\/2017\/01\/laptop4-150x150.png\" data-link_target=\"0\">\n\t\t<a class=\"item__link\" href=\"https:\/\/yakuphangokgoz.info\/wp-content\/uploads\/2017\/01\/laptop4.png\">Diz\u00fcst\u00fc Bilgisayar<\/a>\n\t\t\t\t\t<div id=\"item-desc-7\" class=\"item-desc\">Modellemesini yapt\u0131\u011f\u0131m kendi bilgisayar\u0131m<\/div>\n\t\t\t<\/li>\n\t<li class=\"gallery-item type-image subtype-jpeg\" data-id=\"12712\" data-ratio_x=\"1\" data-bg_color=\"\" data-alt_attr=\"\" data-main-image=\"https:\/\/yakuphangokgoz.info\/wp-content\/uploads\/2017\/01\/martini-henry-render.jpg\" data-brick_image=\"https:\/\/yakuphangokgoz.info\/wp-content\/uploads\/2017\/01\/martini-henry-render.jpg\" data-thumb=\"https:\/\/yakuphangokgoz.info\/wp-content\/uploads\/2017\/01\/martini-henry-render-150x150.jpg\" data-link_target=\"0\">\n\t\t<a class=\"item__link\" href=\"https:\/\/yakuphangokgoz.info\/wp-content\/uploads\/2017\/01\/martini-henry-render.jpg\">Aynal\u0131 Martin<\/a>\n\t\t\t\t\t<div id=\"item-desc-8\" class=\"item-desc\"><strong>Proje:<\/strong> Empire's Dusk<\/div>\n\t\t\t<\/li>\n\t<li class=\"gallery-item type-image subtype-png\" data-id=\"12507\" data-ratio_x=\"1\" data-bg_color=\"\" data-alt_attr=\"\" data-main-image=\"https:\/\/yakuphangokgoz.info\/wp-content\/uploads\/2017\/01\/soloturk2.png\" data-brick_image=\"https:\/\/yakuphangokgoz.info\/wp-content\/uploads\/2017\/01\/soloturk2.png\" data-thumb=\"https:\/\/yakuphangokgoz.info\/wp-content\/uploads\/2017\/01\/soloturk2-150x150.png\" data-link_target=\"0\">\n\t\t<a class=\"item__link\" href=\"https:\/\/yakuphangokgoz.info\/wp-content\/uploads\/2017\/01\/soloturk2.png\">Solot\u00fcrk<\/a>\n\t\t\t\t\t<div id=\"item-desc-9\" class=\"item-desc\"><strong>Proje:<\/strong> Unbreakables<\/div>\n\t\t\t<\/li>\n\t\t<\/ul>\n\t    <\/div>\t\t<\/div>\n\t\t\t\t<\/div>\n\t\t\t\t\t\t<\/div>\n\t\t\t\t\t<\/div>\n\t\t<\/div>\n\t\t\t\t\t\t\t\t<\/div>\n\t\t\t\t\t<\/div>\n\t\t<\/section>\n\t\t\t\t\t\t<\/div>\n\t\t\t\t\t\t<\/div>\n\t\t\t\t\t<\/div>\n\t\t","protected":false},"excerpt":{"rendered":"<p>Realm Collapse Photo: John Anders, Starring: Emilly Reed Afternoon Session Photo: Sam Fisher, Starring: Natali Binox Blue Evening Photo: Adam Johnson, Place: Backseat Restaurant California Blues Photo: Jonas Adam, Starring:&hellip;<\/p>\n<p> <a class=\"more-link\" href=\"https:\/\/yakuphangokgoz.info\/tr\/work\/leather-drawstring-pouch\/\">Daha fazla oku<\/a><\/p>\n","protected":false},"author":1,"featured_media":0,"parent":0,"menu_order":0,"comment_status":"closed","ping_status":"closed","template":"","meta":[],"_links":{"self":[{"href":"https:\/\/yakuphangokgoz.info\/tr\/wp-json\/wp\/v2\/pages\/8754"}],"collection":[{"href":"https:\/\/yakuphangokgoz.info\/tr\/wp-json\/wp\/v2\/pages"}],"about":[{"href":"https:\/\/yakuphangokgoz.info\/tr\/wp-json\/wp\/v2\/types\/page"}],"author":[{"embeddable":true,"href":"https:\/\/yakuphangokgoz.info\/tr\/wp-json\/wp\/v2\/users\/1"}],"replies":[{"embeddable":true,"href":"https:\/\/yakuphangokgoz.info\/tr\/wp-json\/wp\/v2\/comments?post=8754"}],"version-history":[{"count":2,"href":"https:\/\/yakuphangokgoz.info\/tr\/wp-json\/wp\/v2\/pages\/8754\/revisions"}],"predecessor-version":[{"id":12746,"href":"https:\/\/yakuphangokgoz.info\/tr\/wp-json\/wp\/v2\/pages\/8754\/revisions\/12746"}],"wp:attachment":[{"href":"https:\/\/yakuphangokgoz.info\/tr\/wp-json\/wp\/v2\/media?parent=8754"}],"curies":[{"name":"wp","href":"https:\/\/api.w.org\/{rel}","templated":true}]}}